{"id":36,"date":"2023-10-19T12:09:25","date_gmt":"2023-10-19T10:09:25","guid":{"rendered":"http:\/\/unairdegalop.com\/?page_id=36"},"modified":"2024-01-26T17:31:16","modified_gmt":"2024-01-26T16:31:16","slug":"la-compagnie","status":"publish","type":"page","link":"https:\/\/unairdegalop.com\/?page_id=36","title":{"rendered":"La compagnie"},"content":{"rendered":"\t\t<div data-elementor-type=\"wp-page\" data-elementor-id=\"36\" class=\"elementor elementor-36\">\n\t\t\t\t\t\t\t<div class=\"elementor-element elementor-element-c856349 e-con-full e-flex e-con e-parent\" data-id=\"c856349\" data-element_type=\"container\" data-settings=\"{&quot;content_width&quot;:&quot;full&quot;,&quot;background_background&quot;:&quot;classic&quot;}\" data-core-v316-plus=\"true\">\n\t\t\t\t<div class=\"elementor-element elementor-element-274696d elementor-widget elementor-widget-heading\" data-id=\"274696d\" data-element_type=\"widget\" data-widget_type=\"heading.default\">\n\t\t\t\t<div class=\"elementor-widget-container\">\n\t\t\t<style>\/*! elementor - v3.16.0 - 17-10-2023 *\/\n.elementor-heading-title{padding:0;margin:0;line-height:1}.elementor-widget-heading .elementor-heading-title[class*=elementor-size-]>a{color:inherit;font-size:inherit;line-height:inherit}.elementor-widget-heading .elementor-heading-title.elementor-size-small{font-size:15px}.elementor-widget-heading .elementor-heading-title.elementor-size-medium{font-size:19px}.elementor-widget-heading .elementor-heading-title.elementor-size-large{font-size:29px}.elementor-widget-heading .elementor-heading-title.elementor-size-xl{font-size:39px}.elementor-widget-heading .elementor-heading-title.elementor-size-xxl{font-size:59px}<\/style><h2 class=\"elementor-heading-title elementor-size-default\">La Compagnie<\/h2>\t\t<\/div>\n\t\t\t\t<\/div>\n\t\t\t\t<\/div>\n\t\t<div class=\"elementor-element elementor-element-bebe17c e-flex e-con-boxed e-con e-parent\" data-id=\"bebe17c\" data-element_type=\"container\" data-settings=\"{&quot;background_background&quot;:&quot;classic&quot;,&quot;content_width&quot;:&quot;boxed&quot;}\" data-core-v316-plus=\"true\">\n\t\t\t\t\t<div class=\"e-con-inner\">\n\t\t\t\t<div class=\"elementor-element elementor-element-0bf5799 elementor-widget elementor-widget-text-editor\" data-id=\"0bf5799\" data-element_type=\"widget\" data-widget_type=\"text-editor.default\">\n\t\t\t\t<div class=\"elementor-widget-container\">\n\t\t\t<style>\/*! elementor - v3.16.0 - 17-10-2023 *\/\n.elementor-widget-text-editor.elementor-drop-cap-view-stacked .elementor-drop-cap{background-color:#69727d;color:#fff}.elementor-widget-text-editor.elementor-drop-cap-view-framed .elementor-drop-cap{color:#69727d;border:3px solid;background-color:transparent}.elementor-widget-text-editor:not(.elementor-drop-cap-view-default) .elementor-drop-cap{margin-top:8px}.elementor-widget-text-editor:not(.elementor-drop-cap-view-default) .elementor-drop-cap-letter{width:1em;height:1em}.elementor-widget-text-editor .elementor-drop-cap{float:left;text-align:center;line-height:1;font-size:50px}.elementor-widget-text-editor .elementor-drop-cap-letter{display:inline-block}<\/style>\t\t\t\t<p><strong>Un Air de Galop revendique un art nouveau qui nous rapproche de la terre et nous relie \u00e0 la nature.<\/strong><\/p><p>La compagnie se cr\u00e9e en 2017 suite \u00e0 la rencontre de Sophie de Pas et Christophe Foquereau. Ils d\u00e9cident d\u2019accorder leurs r\u00e9pertoires pour pr\u00e9senter un spectacle qui r\u00e9unit leurs passions : la musique, l\u2019art \u00e9questre et la nature. L\u2019enjeu est d\u2019amener le cheval dans des lieux insolites. Amener la nature l\u00e0 o\u00f9 elle n\u2019est pas, avec l\u2019art \u00e9questre et la musique comme m\u00e9diateur.<\/p>\t\t\t\t\t\t<\/div>\n\t\t\t\t<\/div>\n\t\t\t\t\t<\/div>\n\t\t\t\t<\/div>\n\t\t<div class=\"elementor-element elementor-element-6c1347c e-flex e-con-boxed e-con e-parent\" data-id=\"6c1347c\" data-element_type=\"container\" data-settings=\"{&quot;content_width&quot;:&quot;boxed&quot;}\" data-core-v316-plus=\"true\">\n\t\t\t\t\t<div class=\"e-con-inner\">\n\t\t<div class=\"elementor-element elementor-element-3144f88 e-con-full e-flex e-con e-child\" data-id=\"3144f88\" data-element_type=\"container\" data-settings=\"{&quot;content_width&quot;:&quot;full&quot;}\">\n\t\t\t\t<div class=\"elementor-element elementor-element-4694bbd elementor-widget elementor-widget-image\" data-id=\"4694bbd\" data-element_type=\"widget\" data-widget_type=\"image.default\">\n\t\t\t\t<div class=\"elementor-widget-container\">\n\t\t\t<style>\/*! elementor - v3.16.0 - 17-10-2023 *\/\n.elementor-widget-image{text-align:center}.elementor-widget-image a{display:inline-block}.elementor-widget-image a img[src$=\".svg\"]{width:48px}.elementor-widget-image img{vertical-align:middle;display:inline-block}<\/style>\t\t\t\t\t\t\t\t\t\t\t\t<img loading=\"lazy\" decoding=\"async\" width=\"150\" height=\"150\" src=\"https:\/\/unairdegalop.com\/wp-content\/uploads\/2023\/10\/Sophie-de-Pas3-150x150.png\" class=\"attachment-thumbnail size-thumbnail wp-image-119\" alt=\"\" srcset=\"https:\/\/unairdegalop.com\/wp-content\/uploads\/2023\/10\/Sophie-de-Pas3-150x150.png 150w, https:\/\/unairdegalop.com\/wp-content\/uploads\/2023\/10\/Sophie-de-Pas3-300x300.png 300w, https:\/\/unairdegalop.com\/wp-content\/uploads\/2023\/10\/Sophie-de-Pas3-600x600.png 600w, https:\/\/unairdegalop.com\/wp-content\/uploads\/2023\/10\/Sophie-de-Pas3.png 644w\" sizes=\"(max-width: 150px) 100vw, 150px\" \/>\t\t\t\t\t\t\t\t\t\t\t\t\t\t\t<\/div>\n\t\t\t\t<\/div>\n\t\t\t\t<div class=\"elementor-element elementor-element-26e5e1a elementor-widget elementor-widget-heading\" data-id=\"26e5e1a\" data-element_type=\"widget\" data-widget_type=\"heading.default\">\n\t\t\t\t<div class=\"elementor-widget-container\">\n\t\t\t<h2 class=\"elementor-heading-title elementor-size-default\">Sophie de Pas<\/h2>\t\t<\/div>\n\t\t\t\t<\/div>\n\t\t\t\t<div class=\"elementor-element elementor-element-955fd0b elementor-widget elementor-widget-text-editor\" data-id=\"955fd0b\" data-element_type=\"widget\" data-widget_type=\"text-editor.default\">\n\t\t\t\t<div class=\"elementor-widget-container\">\n\t\t\t\t\t\t\t<p><em><strong>Cavali\u00e8re<\/strong><\/em><\/p><p>Au d\u00e9part, cavali\u00e8re de concours complet, Sophie de Pas a dirig\u00e9 progressivement sa carri\u00e8re vers la discipline du dressage et vers l\u2019enseignement de l\u2019\u00e9quitation.<\/p><p>Apr\u00e8s avoir enseign\u00e9 l\u2019\u00e9quitation et entrain\u00e9 en France et aux USA (Californie), elle prend le chemin du dressage artistique. Elle devient \u00e9cuy\u00e8re aux Grandes Ecuries de Chantilly o\u00f9 la troupe de spectacle, men\u00e9e par la famille Bienaim\u00e9, produit 150 spectacles par an et des repr\u00e9sentations p\u00e9dagogiques quotidiennes. Parall\u00e8lement, une mission \u00e0 la F\u00e9d\u00e9ration Fran\u00e7aise d\u2019Equitation marquera le d\u00e9but de son immense int\u00e9r\u00eat pour la recherche et la p\u00e9dagogie de l\u2019enseignement. En 2004, elle \u00e9tablit sa propre \u00e9cole d\u2019\u00e9quitation, en Seine Maritime, qu\u2019elle conceptualise \u00e0 travers une \u00e9quitaition de bien-\u00eatre pour les chevaux et les humains.<\/p><p>A la fois cavali\u00e8re de dressage, enseignante et dirigeante de son centre \u00e9questre, elle continue son chemin en tant qu\u2019artiste \u00e9questre avec Un Air de Galop.<\/p>\t\t\t\t\t\t<\/div>\n\t\t\t\t<\/div>\n\t\t\t\t<\/div>\n\t\t<div class=\"elementor-element elementor-element-67c0e6e e-con-full e-flex e-con e-child\" data-id=\"67c0e6e\" data-element_type=\"container\" data-settings=\"{&quot;content_width&quot;:&quot;full&quot;}\">\n\t\t\t\t<div class=\"elementor-element elementor-element-d15bf39 elementor-widget elementor-widget-image\" data-id=\"d15bf39\" data-element_type=\"widget\" data-widget_type=\"image.default\">\n\t\t\t\t<div class=\"elementor-widget-container\">\n\t\t\t\t\t\t\t\t\t\t\t\t\t\t\t<img loading=\"lazy\" decoding=\"async\" width=\"150\" height=\"150\" src=\"https:\/\/unairdegalop.com\/wp-content\/uploads\/2023\/10\/Christophe-Foquereau2-150x150.png\" class=\"attachment-thumbnail size-thumbnail wp-image-117\" alt=\"\" srcset=\"https:\/\/unairdegalop.com\/wp-content\/uploads\/2023\/10\/Christophe-Foquereau2-150x150.png 150w, https:\/\/unairdegalop.com\/wp-content\/uploads\/2023\/10\/Christophe-Foquereau2-300x300.png 300w, https:\/\/unairdegalop.com\/wp-content\/uploads\/2023\/10\/Christophe-Foquereau2-600x600.png 600w, https:\/\/unairdegalop.com\/wp-content\/uploads\/2023\/10\/Christophe-Foquereau2.png 724w\" sizes=\"(max-width: 150px) 100vw, 150px\" \/>\t\t\t\t\t\t\t\t\t\t\t\t\t\t\t<\/div>\n\t\t\t\t<\/div>\n\t\t\t\t<div class=\"elementor-element elementor-element-6edf12a elementor-widget elementor-widget-heading\" data-id=\"6edf12a\" data-element_type=\"widget\" data-widget_type=\"heading.default\">\n\t\t\t\t<div class=\"elementor-widget-container\">\n\t\t\t<h2 class=\"elementor-heading-title elementor-size-default\">Christophe Foquereau<\/h2>\t\t<\/div>\n\t\t\t\t<\/div>\n\t\t\t\t<div class=\"elementor-element elementor-element-05db94d elementor-widget elementor-widget-text-editor\" data-id=\"05db94d\" data-element_type=\"widget\" data-widget_type=\"text-editor.default\">\n\t\t\t\t<div class=\"elementor-widget-container\">\n\t\t\t\t\t\t\t<p><em><strong>Musicien<\/strong><\/em><\/p><p>Musicien contrebassiste, violoncelliste, joueur de scie musicale, il a \u00e9tudi\u00e9 la contrebasse classique au Conservatoire National de R\u00e9gion de Versailles dans la classe de Michel Crenne tout en pratiquant le Jazz au C.N.R. de Rouen.<\/p><p>Il a travaill\u00e9 ou compos\u00e9 pour diff\u00e9rentes disciplines artistiques: la danse, le th\u00e9\u00e2tre, le conte, la chanson, le cin\u00e9-concert et pratique l\u2019improvisation musicale. \u00c9galement clown musicien depuis plusieurs ann\u00e9es, il d\u00e9veloppe cette discipline \u00e0 l\u2019h\u00f4pital et sur sc\u00e8ne.<\/p><p>Il joue actuellement pour les Galettes de Riz (clown-musique), Ha\u00efkus Sign\u00e9s Dans\u00e9s (danse, musique, langage des signes), Ti Pouce (conte et musique), Fant\u00f4mas 1 et 2 (cin\u00e9-concert), un Air de Galop (duo \u00e9questre et musical) et travaille avec les collectifs d\u2019artistes les Amis de Fantomus et le Safran Collectif.<\/p>\t\t\t\t\t\t<\/div>\n\t\t\t\t<\/div>\n\t\t\t\t<\/div>\n\t\t\t\t\t<\/div>\n\t\t\t\t<\/div>\n\t\t<div class=\"elementor-element elementor-element-76f4859 e-flex e-con-boxed e-con e-parent\" data-id=\"76f4859\" data-element_type=\"container\" data-settings=\"{&quot;content_width&quot;:&quot;boxed&quot;}\" data-core-v316-plus=\"true\">\n\t\t\t\t\t<div class=\"e-con-inner\">\n\t\t<div class=\"elementor-element elementor-element-28c4632 e-flex e-con-boxed e-con e-child\" data-id=\"28c4632\" data-element_type=\"container\" data-settings=\"{&quot;content_width&quot;:&quot;boxed&quot;}\">\n\t\t\t\t\t<div class=\"e-con-inner\">\n\t\t\t\t<div class=\"elementor-element elementor-element-f4fb712 elementor-widget elementor-widget-image\" data-id=\"f4fb712\" data-element_type=\"widget\" data-widget_type=\"image.default\">\n\t\t\t\t<div class=\"elementor-widget-container\">\n\t\t\t\t\t\t\t\t\t\t\t\t\t\t\t<img loading=\"lazy\" decoding=\"async\" width=\"150\" height=\"150\" src=\"https:\/\/unairdegalop.com\/wp-content\/uploads\/2023\/10\/Estribo-150x150.png\" class=\"attachment-thumbnail size-thumbnail wp-image-118\" alt=\"\" srcset=\"https:\/\/unairdegalop.com\/wp-content\/uploads\/2023\/10\/Estribo-150x150.png 150w, https:\/\/unairdegalop.com\/wp-content\/uploads\/2023\/10\/Estribo-300x300.png 300w, https:\/\/unairdegalop.com\/wp-content\/uploads\/2023\/10\/Estribo-1024x1024.png 1024w, https:\/\/unairdegalop.com\/wp-content\/uploads\/2023\/10\/Estribo-768x768.png 768w, https:\/\/unairdegalop.com\/wp-content\/uploads\/2023\/10\/Estribo-600x600.png 600w, https:\/\/unairdegalop.com\/wp-content\/uploads\/2023\/10\/Estribo.png 1392w\" sizes=\"(max-width: 150px) 100vw, 150px\" \/>\t\t\t\t\t\t\t\t\t\t\t\t\t\t\t<\/div>\n\t\t\t\t<\/div>\n\t\t\t\t<div class=\"elementor-element elementor-element-5af08ec elementor-widget elementor-widget-heading\" data-id=\"5af08ec\" data-element_type=\"widget\" data-widget_type=\"heading.default\">\n\t\t\t\t<div class=\"elementor-widget-container\">\n\t\t\t<h2 class=\"elementor-heading-title elementor-size-default\">Viking<\/h2>\t\t<\/div>\n\t\t\t\t<\/div>\n\t\t\t\t<div class=\"elementor-element elementor-element-0f12600 elementor-widget elementor-widget-text-editor\" data-id=\"0f12600\" data-element_type=\"widget\" data-widget_type=\"text-editor.default\">\n\t\t\t\t<div class=\"elementor-widget-container\">\n\t\t\t\t\t\t\t<p>Avec sa belle pr\u00e9sence sur sc\u00e8ne, il est chic et \u00e9l\u00e9gant. Beau, sensible, noble, courageux, gentil, souple et tr\u00e8s \u00e9nergique, il aime \u00eatre admir\u00e9 !<\/p>\t\t\t\t\t\t<\/div>\n\t\t\t\t<\/div>\n\t\t\t\t\t<\/div>\n\t\t\t\t<\/div>\n\t\t\t\t\t<\/div>\n\t\t\t\t<\/div>\n\t\t<div class=\"elementor-element elementor-element-df2161e e-flex e-con-boxed e-con e-parent\" data-id=\"df2161e\" data-element_type=\"container\" data-settings=\"{&quot;background_background&quot;:&quot;classic&quot;,&quot;content_width&quot;:&quot;boxed&quot;}\" data-core-v316-plus=\"true\">\n\t\t\t\t\t<div class=\"e-con-inner\">\n\t\t\t\t<div class=\"elementor-element elementor-element-4420c39 elementor-widget elementor-widget-heading\" data-id=\"4420c39\" data-element_type=\"widget\" data-widget_type=\"heading.default\">\n\t\t\t\t<div class=\"elementor-widget-container\">\n\t\t\t<h2 class=\"elementor-heading-title elementor-size-default\">Nos partenaires <\/h2>\t\t<\/div>\n\t\t\t\t<\/div>\n\t\t\t\t\t<\/div>\n\t\t\t\t<\/div>\n\t\t<div class=\"elementor-element elementor-element-0faaaa3 e-flex e-con-boxed e-con e-parent\" data-id=\"0faaaa3\" data-element_type=\"container\" data-settings=\"{&quot;background_background&quot;:&quot;classic&quot;,&quot;content_width&quot;:&quot;boxed&quot;}\" data-core-v316-plus=\"true\">\n\t\t\t\t\t<div class=\"e-con-inner\">\n\t\t<div class=\"elementor-element elementor-element-57cd4fe e-con-full e-flex e-con e-child\" data-id=\"57cd4fe\" data-element_type=\"container\" data-settings=\"{&quot;content_width&quot;:&quot;full&quot;}\">\n\t\t\t\t<div class=\"elementor-element elementor-element-5c256ef elementor-widget elementor-widget-image\" data-id=\"5c256ef\" data-element_type=\"widget\" data-widget_type=\"image.default\">\n\t\t\t\t<div class=\"elementor-widget-container\">\n\t\t\t\t\t\t\t\t\t\t\t\t\t\t\t\t<a href=\"https:\/\/www.lesafrancollectif.com\/\" target=\"_blank\">\n\t\t\t\t\t\t\t<img loading=\"lazy\" decoding=\"async\" width=\"300\" height=\"180\" src=\"https:\/\/unairdegalop.com\/wp-content\/uploads\/2023\/10\/logo-safran.png\" class=\"attachment-large size-large wp-image-275\" alt=\"\" \/>\t\t\t\t\t\t\t\t<\/a>\n\t\t\t\t\t\t\t\t\t\t\t\t\t\t\t<\/div>\n\t\t\t\t<\/div>\n\t\t\t\t<\/div>\n\t\t<div class=\"elementor-element elementor-element-0d0620c e-con-full e-flex e-con e-child\" data-id=\"0d0620c\" data-element_type=\"container\" data-settings=\"{&quot;content_width&quot;:&quot;full&quot;}\">\n\t\t\t\t<div class=\"elementor-element elementor-element-2c19df7 elementor-widget elementor-widget-text-editor\" data-id=\"2c19df7\" data-element_type=\"widget\" data-widget_type=\"text-editor.default\">\n\t\t\t\t<div class=\"elementor-widget-container\">\n\t\t\t\t\t\t\t<p><strong>Le Safran Collectif<\/strong><\/p><p>76000 Rouen<\/p><p>www.lesafrancollectif.com<\/p>\t\t\t\t\t\t<\/div>\n\t\t\t\t<\/div>\n\t\t\t\t<\/div>\n\t\t<div class=\"elementor-element elementor-element-757218a e-con-full e-flex e-con e-child\" data-id=\"757218a\" data-element_type=\"container\" data-settings=\"{&quot;content_width&quot;:&quot;full&quot;}\">\n\t\t\t\t<div class=\"elementor-element elementor-element-9f248a7 elementor-widget elementor-widget-image\" data-id=\"9f248a7\" data-element_type=\"widget\" data-widget_type=\"image.default\">\n\t\t\t\t<div class=\"elementor-widget-container\">\n\t\t\t\t\t\t\t\t\t\t\t\t\t\t\t\t<a href=\"http:\/\/www.ecuriesdesvallees.fr\" target=\"_blank\">\n\t\t\t\t\t\t\t<img loading=\"lazy\" decoding=\"async\" width=\"124\" height=\"156\" src=\"https:\/\/unairdegalop.com\/wp-content\/uploads\/2023\/10\/logo-lesvallees-ecuries.png\" class=\"attachment-large size-large wp-image-273\" alt=\"\" \/>\t\t\t\t\t\t\t\t<\/a>\n\t\t\t\t\t\t\t\t\t\t\t\t\t\t\t<\/div>\n\t\t\t\t<\/div>\n\t\t\t\t<\/div>\n\t\t<div class=\"elementor-element elementor-element-931f144 e-con-full e-flex e-con e-child\" data-id=\"931f144\" data-element_type=\"container\" data-settings=\"{&quot;content_width&quot;:&quot;full&quot;}\">\n\t\t\t\t<div class=\"elementor-element elementor-element-a9a2ed9 elementor-widget elementor-widget-text-editor\" data-id=\"a9a2ed9\" data-element_type=\"widget\" data-widget_type=\"text-editor.default\">\n\t\t\t\t<div class=\"elementor-widget-container\">\n\t\t\t\t\t\t\t<p><strong>Domaine des Vall\u00e9es<\/strong><\/p><p>76750 Rebets<\/p><p>www.ecuriesdesvallees.fr<\/p>\t\t\t\t\t\t<\/div>\n\t\t\t\t<\/div>\n\t\t\t\t<\/div>\n\t\t\t\t\t<\/div>\n\t\t\t\t<\/div>\n\t\t\t\t\t\t\t<\/div>\n\t\t","protected":false},"excerpt":{"rendered":"<p>La Compagnie Un Air de Galop revendique un art nouveau qui nous rapproche de la terre et nous relie \u00e0 la nature. La compagnie se cr\u00e9e en 2017 suite \u00e0 la rencontre de Sophie de Pas et Christophe Foquereau. Ils d\u00e9cident d\u2019accorder leurs r\u00e9pertoires pour pr\u00e9senter un spectacle qui r\u00e9unit leurs passions : la musique, [&hellip;]<\/p>\n","protected":false},"author":2,"featured_media":0,"parent":0,"menu_order":0,"comment_status":"closed","ping_status":"closed","template":"elementor_header_footer","meta":{"om_disable_all_campaigns":false,"_monsterinsights_skip_tracking":false,"_monsterinsights_sitenote_active":false,"_monsterinsights_sitenote_note":"","_monsterinsights_sitenote_category":0,"footnotes":""},"class_list":["post-36","page","type-page","status-publish","hentry","entry"],"aioseo_notices":[],"_links":{"self":[{"href":"https:\/\/unairdegalop.com\/index.php?rest_route=\/wp\/v2\/pages\/36"}],"collection":[{"href":"https:\/\/unairdegalop.com\/index.php?rest_route=\/wp\/v2\/pages"}],"about":[{"href":"https:\/\/unairdegalop.com\/index.php?rest_route=\/wp\/v2\/types\/page"}],"author":[{"embeddable":true,"href":"https:\/\/unairdegalop.com\/index.php?rest_route=\/wp\/v2\/users\/2"}],"replies":[{"embeddable":true,"href":"https:\/\/unairdegalop.com\/index.php?rest_route=%2Fwp%2Fv2%2Fcomments&post=36"}],"version-history":[{"count":181,"href":"https:\/\/unairdegalop.com\/index.php?rest_route=\/wp\/v2\/pages\/36\/revisions"}],"predecessor-version":[{"id":827,"href":"https:\/\/unairdegalop.com\/index.php?rest_route=\/wp\/v2\/pages\/36\/revisions\/827"}],"wp:attachment":[{"href":"https:\/\/unairdegalop.com\/index.php?rest_route=%2Fwp%2Fv2%2Fmedia&parent=36"}],"curies":[{"name":"wp","href":"https:\/\/api.w.org\/{rel}","templated":true}]}}