{"id":24,"date":"2023-10-18T14:57:35","date_gmt":"2023-10-18T12:57:35","guid":{"rendered":"http:\/\/unairdegalop.com\/?page_id=24"},"modified":"2024-01-26T16:09:01","modified_gmt":"2024-01-26T15:09:01","slug":"le-spectacle","status":"publish","type":"page","link":"https:\/\/unairdegalop.com\/?page_id=24","title":{"rendered":"Le spectacle"},"content":{"rendered":"\t\t<div data-elementor-type=\"wp-page\" data-elementor-id=\"24\" class=\"elementor elementor-24\">\n\t\t\t\t\t\t\t<div class=\"elementor-element elementor-element-3b2e179 e-con-full e-flex e-con e-parent\" data-id=\"3b2e179\" data-element_type=\"container\" data-settings=\"{&quot;content_width&quot;:&quot;full&quot;,&quot;background_background&quot;:&quot;classic&quot;}\" data-core-v316-plus=\"true\">\n\t\t\t\t<div class=\"elementor-element elementor-element-293d572 elementor-widget elementor-widget-heading\" data-id=\"293d572\" data-element_type=\"widget\" data-widget_type=\"heading.default\">\n\t\t\t\t<div class=\"elementor-widget-container\">\n\t\t\t<style>\/*! elementor - v3.16.0 - 17-10-2023 *\/\n.elementor-heading-title{padding:0;margin:0;line-height:1}.elementor-widget-heading .elementor-heading-title[class*=elementor-size-]>a{color:inherit;font-size:inherit;line-height:inherit}.elementor-widget-heading .elementor-heading-title.elementor-size-small{font-size:15px}.elementor-widget-heading .elementor-heading-title.elementor-size-medium{font-size:19px}.elementor-widget-heading .elementor-heading-title.elementor-size-large{font-size:29px}.elementor-widget-heading .elementor-heading-title.elementor-size-xl{font-size:39px}.elementor-widget-heading .elementor-heading-title.elementor-size-xxl{font-size:59px}<\/style><h2 class=\"elementor-heading-title elementor-size-default\">Le Spectacle<\/h2>\t\t<\/div>\n\t\t\t\t<\/div>\n\t\t\t\t<\/div>\n\t\t<div class=\"elementor-element elementor-element-f411ea7 e-flex e-con-boxed e-con e-parent\" data-id=\"f411ea7\" data-element_type=\"container\" data-settings=\"{&quot;background_background&quot;:&quot;classic&quot;,&quot;content_width&quot;:&quot;boxed&quot;}\" data-core-v316-plus=\"true\">\n\t\t\t\t\t<div class=\"e-con-inner\">\n\t\t\t\t<div class=\"elementor-element elementor-element-b831a68 elementor-widget elementor-widget-text-editor\" data-id=\"b831a68\" data-element_type=\"widget\" data-widget_type=\"text-editor.default\">\n\t\t\t\t<div class=\"elementor-widget-container\">\n\t\t\t<style>\/*! elementor - v3.16.0 - 17-10-2023 *\/\n.elementor-widget-text-editor.elementor-drop-cap-view-stacked .elementor-drop-cap{background-color:#69727d;color:#fff}.elementor-widget-text-editor.elementor-drop-cap-view-framed .elementor-drop-cap{color:#69727d;border:3px solid;background-color:transparent}.elementor-widget-text-editor:not(.elementor-drop-cap-view-default) .elementor-drop-cap{margin-top:8px}.elementor-widget-text-editor:not(.elementor-drop-cap-view-default) .elementor-drop-cap-letter{width:1em;height:1em}.elementor-widget-text-editor .elementor-drop-cap{float:left;text-align:center;line-height:1;font-size:50px}.elementor-widget-text-editor .elementor-drop-cap-letter{display:inline-block}<\/style>\t\t\t\t<p>Une femme appara\u00eet \u00e0 cheval, elle chante. On entend les sons bruts et frapp\u00e9s des sabots, le souffle r\u00e9gulier de la respiration du cheval. Le musicien lui r\u00e9pond. Il tape des pieds sur une planche en bois.<\/p><p>Les rythmes donnent vie au corps muscl\u00e9 de l\u2019animal. La cavali\u00e8re se r\u00e9v\u00e8le doucement sous le frottement et les touches de la contrebasse. Une intimit\u00e9 troublante se cr\u00e9e. Les personnages se rapprochent, deviennent complices, s\u2019amusent, tourbillonnent, jouent.<\/p><p><strong>Un trio na\u00eet, une danse animale et f\u00e9minine voit le jour\u2026<\/strong><\/p>\t\t\t\t\t\t<\/div>\n\t\t\t\t<\/div>\n\t\t\t\t\t<\/div>\n\t\t\t\t<\/div>\n\t\t<div class=\"elementor-element elementor-element-a5b9ec4 e-flex e-con-boxed e-con e-parent\" data-id=\"a5b9ec4\" data-element_type=\"container\" data-settings=\"{&quot;content_width&quot;:&quot;boxed&quot;}\" data-core-v316-plus=\"true\">\n\t\t\t\t\t<div class=\"e-con-inner\">\n\t\t<div class=\"elementor-element elementor-element-b7157d9 e-con-full e-flex e-con e-child\" data-id=\"b7157d9\" data-element_type=\"container\" data-settings=\"{&quot;content_width&quot;:&quot;full&quot;}\">\n\t\t\t\t<div class=\"elementor-element elementor-element-b539f15 elementor-widget elementor-widget-image\" data-id=\"b539f15\" data-element_type=\"widget\" data-widget_type=\"image.default\">\n\t\t\t\t<div class=\"elementor-widget-container\">\n\t\t\t<style>\/*! elementor - v3.16.0 - 17-10-2023 *\/\n.elementor-widget-image{text-align:center}.elementor-widget-image a{display:inline-block}.elementor-widget-image a img[src$=\".svg\"]{width:48px}.elementor-widget-image img{vertical-align:middle;display:inline-block}<\/style>\t\t\t\t\t\t\t\t\t\t\t\t<img loading=\"lazy\" decoding=\"async\" width=\"768\" height=\"806\" src=\"https:\/\/unairdegalop.com\/wp-content\/uploads\/2024\/01\/Musique-_-75a8a8-768x806.jpg\" class=\"attachment-medium_large size-medium_large wp-image-777\" alt=\"\" srcset=\"https:\/\/unairdegalop.com\/wp-content\/uploads\/2024\/01\/Musique-_-75a8a8-768x806.jpg 768w, https:\/\/unairdegalop.com\/wp-content\/uploads\/2024\/01\/Musique-_-75a8a8-286x300.jpg 286w, https:\/\/unairdegalop.com\/wp-content\/uploads\/2024\/01\/Musique-_-75a8a8-975x1024.jpg 975w, https:\/\/unairdegalop.com\/wp-content\/uploads\/2024\/01\/Musique-_-75a8a8-1463x1536.jpg 1463w, https:\/\/unairdegalop.com\/wp-content\/uploads\/2024\/01\/Musique-_-75a8a8-1950x2048.jpg 1950w, https:\/\/unairdegalop.com\/wp-content\/uploads\/2024\/01\/Musique-_-75a8a8.jpg 2000w\" sizes=\"(max-width: 768px) 100vw, 768px\" \/>\t\t\t\t\t\t\t\t\t\t\t\t\t\t\t<\/div>\n\t\t\t\t<\/div>\n\t\t\t\t<\/div>\n\t\t<div class=\"elementor-element elementor-element-7e3bde0 e-con-full e-flex e-con e-child\" data-id=\"7e3bde0\" data-element_type=\"container\" data-settings=\"{&quot;content_width&quot;:&quot;full&quot;}\">\n\t\t\t\t<div class=\"elementor-element elementor-element-8b59ad4 elementor-widget elementor-widget-heading\" data-id=\"8b59ad4\" data-element_type=\"widget\" data-widget_type=\"heading.default\">\n\t\t\t\t<div class=\"elementor-widget-container\">\n\t\t\t<h2 class=\"elementor-heading-title elementor-size-default\">La musique<\/h2>\t\t<\/div>\n\t\t\t\t<\/div>\n\t\t\t\t<div class=\"elementor-element elementor-element-ddb17ee elementor-vertical-align-middle elementor-widget elementor-widget-image-box\" data-id=\"ddb17ee\" data-element_type=\"widget\" data-widget_type=\"image-box.default\">\n\t\t\t\t<div class=\"elementor-widget-container\">\n\t\t\t<style>\/*! elementor - v3.16.0 - 17-10-2023 *\/\n.elementor-widget-image-box .elementor-image-box-content{width:100%}@media (min-width:768px){.elementor-widget-image-box.elementor-position-left .elementor-image-box-wrapper,.elementor-widget-image-box.elementor-position-right .elementor-image-box-wrapper{display:flex}.elementor-widget-image-box.elementor-position-right .elementor-image-box-wrapper{text-align:right;flex-direction:row-reverse}.elementor-widget-image-box.elementor-position-left .elementor-image-box-wrapper{text-align:left;flex-direction:row}.elementor-widget-image-box.elementor-position-top .elementor-image-box-img{margin:auto}.elementor-widget-image-box.elementor-vertical-align-top .elementor-image-box-wrapper{align-items:flex-start}.elementor-widget-image-box.elementor-vertical-align-middle .elementor-image-box-wrapper{align-items:center}.elementor-widget-image-box.elementor-vertical-align-bottom .elementor-image-box-wrapper{align-items:flex-end}}@media (max-width:767px){.elementor-widget-image-box .elementor-image-box-img{margin-left:auto!important;margin-right:auto!important;margin-bottom:15px}}.elementor-widget-image-box .elementor-image-box-img{display:inline-block}.elementor-widget-image-box .elementor-image-box-title a{color:inherit}.elementor-widget-image-box .elementor-image-box-wrapper{text-align:center}.elementor-widget-image-box .elementor-image-box-description{margin:0}<\/style><div class=\"elementor-image-box-wrapper\"><div class=\"elementor-image-box-content\"><p class=\"elementor-image-box-description\">C\u2019est une cr\u00e9ation musicale, aux influences classique, jazz et issues de musiques traditionelles. La musique s\u2019accorde avec les diff\u00e9rentes allures et mouvements du cheval. Le spectacle nous fait d\u00e9couvrir les sons vari\u00e9s et originaux de la contrebasse : des sons bois\u00e9s, feutr\u00e9s, rudes ou romantiques. Une cr\u00e9ation originale et inattendue.<\/p><\/div><\/div>\t\t<\/div>\n\t\t\t\t<\/div>\n\t\t\t\t<\/div>\n\t\t\t\t\t<\/div>\n\t\t\t\t<\/div>\n\t\t<div class=\"elementor-element elementor-element-4e320fe e-flex e-con-boxed e-con e-parent\" data-id=\"4e320fe\" data-element_type=\"container\" data-settings=\"{&quot;content_width&quot;:&quot;boxed&quot;}\" data-core-v316-plus=\"true\">\n\t\t\t\t\t<div class=\"e-con-inner\">\n\t\t<div class=\"elementor-element elementor-element-ebbb59e e-con-full e-flex e-con e-child\" data-id=\"ebbb59e\" data-element_type=\"container\" data-settings=\"{&quot;content_width&quot;:&quot;full&quot;}\">\n\t\t\t\t<div class=\"elementor-element elementor-element-4200978 elementor-widget elementor-widget-image\" data-id=\"4200978\" data-element_type=\"widget\" data-widget_type=\"image.default\">\n\t\t\t\t<div class=\"elementor-widget-container\">\n\t\t\t\t\t\t\t\t\t\t\t\t\t\t\t<img loading=\"lazy\" decoding=\"async\" width=\"768\" height=\"710\" src=\"https:\/\/unairdegalop.com\/wp-content\/uploads\/2024\/01\/Cavaliere-et-cheval-768x710.jpg\" class=\"attachment-medium_large size-medium_large wp-image-774\" alt=\"\" srcset=\"https:\/\/unairdegalop.com\/wp-content\/uploads\/2024\/01\/Cavaliere-et-cheval-768x710.jpg 768w, https:\/\/unairdegalop.com\/wp-content\/uploads\/2024\/01\/Cavaliere-et-cheval-300x277.jpg 300w, https:\/\/unairdegalop.com\/wp-content\/uploads\/2024\/01\/Cavaliere-et-cheval-1024x947.jpg 1024w, https:\/\/unairdegalop.com\/wp-content\/uploads\/2024\/01\/Cavaliere-et-cheval-1536x1421.jpg 1536w, https:\/\/unairdegalop.com\/wp-content\/uploads\/2024\/01\/Cavaliere-et-cheval-2048x1894.jpg 2048w\" sizes=\"(max-width: 768px) 100vw, 768px\" \/>\t\t\t\t\t\t\t\t\t\t\t\t\t\t\t<\/div>\n\t\t\t\t<\/div>\n\t\t\t\t<\/div>\n\t\t<div class=\"elementor-element elementor-element-8762a42 e-con-full e-flex e-con e-child\" data-id=\"8762a42\" data-element_type=\"container\" data-settings=\"{&quot;content_width&quot;:&quot;full&quot;}\">\n\t\t\t\t<div class=\"elementor-element elementor-element-ace165c elementor-widget elementor-widget-heading\" data-id=\"ace165c\" data-element_type=\"widget\" data-widget_type=\"heading.default\">\n\t\t\t\t<div class=\"elementor-widget-container\">\n\t\t\t<h2 class=\"elementor-heading-title elementor-size-default\">La cavali\u00e8re et le cheval<\/h2>\t\t<\/div>\n\t\t\t\t<\/div>\n\t\t\t\t<div class=\"elementor-element elementor-element-395c492 elementor-vertical-align-middle elementor-widget elementor-widget-image-box\" data-id=\"395c492\" data-element_type=\"widget\" data-widget_type=\"image-box.default\">\n\t\t\t\t<div class=\"elementor-widget-container\">\n\t\t\t<div class=\"elementor-image-box-wrapper\"><div class=\"elementor-image-box-content\"><p class=\"elementor-image-box-description\">\n\nL\u2019ecuy\u00e8re et son compagnon, comme un couple de danseurs, suivent la musique et ex\u00e9cutent des airs d\u2019\u00e9cole.  Le cheval ondoie, chaloupe, vibre, zigzague, piaffe, galope, se cabre. Toujours en \u00e9quilibre, il entend et r\u00e9agit \u00e9tonnamment \u00e0 la musique. \n\n\nOn apprend que l\u2019art \u00e9questre est fond\u00e9 sur une multitude de d\u00e9tails bas\u00e9s sur l\u2019\u00e9nergie et la posture. C\u2019est un langage du corps, non verbal. Dans l\u2019impulsion, le cheval per\u00e7oit les infimes indications de sa partenaire : un travail dans la confiance, l\u2019\u00e9quilibre et le respect mutuel.\n<\/p><\/div><\/div>\t\t<\/div>\n\t\t\t\t<\/div>\n\t\t\t\t<\/div>\n\t\t\t\t\t<\/div>\n\t\t\t\t<\/div>\n\t\t<div class=\"elementor-element elementor-element-a6160df e-flex e-con-boxed e-con e-parent\" data-id=\"a6160df\" data-element_type=\"container\" data-settings=\"{&quot;content_width&quot;:&quot;boxed&quot;}\" data-core-v316-plus=\"true\">\n\t\t\t\t\t<div class=\"e-con-inner\">\n\t\t<div class=\"elementor-element elementor-element-28b517d e-con-full e-flex e-con e-child\" data-id=\"28b517d\" data-element_type=\"container\" data-settings=\"{&quot;content_width&quot;:&quot;full&quot;}\">\n\t\t\t\t<div class=\"elementor-element elementor-element-29ee289 elementor-widget__width-auto elementor-widget elementor-widget-image\" data-id=\"29ee289\" data-element_type=\"widget\" data-widget_type=\"image.default\">\n\t\t\t\t<div class=\"elementor-widget-container\">\n\t\t\t\t\t\t\t\t\t\t\t\t\t\t\t<img loading=\"lazy\" decoding=\"async\" width=\"768\" height=\"773\" src=\"https:\/\/unairdegalop.com\/wp-content\/uploads\/2024\/01\/spcta3_75a8a8-768x773.jpg\" class=\"attachment-medium_large size-medium_large wp-image-781\" alt=\"\" srcset=\"https:\/\/unairdegalop.com\/wp-content\/uploads\/2024\/01\/spcta3_75a8a8-768x773.jpg 768w, https:\/\/unairdegalop.com\/wp-content\/uploads\/2024\/01\/spcta3_75a8a8-298x300.jpg 298w, https:\/\/unairdegalop.com\/wp-content\/uploads\/2024\/01\/spcta3_75a8a8-1018x1024.jpg 1018w, https:\/\/unairdegalop.com\/wp-content\/uploads\/2024\/01\/spcta3_75a8a8-150x150.jpg 150w, https:\/\/unairdegalop.com\/wp-content\/uploads\/2024\/01\/spcta3_75a8a8-1527x1536.jpg 1527w, https:\/\/unairdegalop.com\/wp-content\/uploads\/2024\/01\/spcta3_75a8a8-2035x2048.jpg 2035w\" sizes=\"(max-width: 768px) 100vw, 768px\" \/>\t\t\t\t\t\t\t\t\t\t\t\t\t\t\t<\/div>\n\t\t\t\t<\/div>\n\t\t\t\t<\/div>\n\t\t<div class=\"elementor-element elementor-element-202ce2b e-con-full e-flex e-con e-child\" data-id=\"202ce2b\" data-element_type=\"container\" data-settings=\"{&quot;content_width&quot;:&quot;full&quot;}\">\n\t\t\t\t<div class=\"elementor-element elementor-element-272a0ef elementor-widget elementor-widget-heading\" data-id=\"272a0ef\" data-element_type=\"widget\" data-widget_type=\"heading.default\">\n\t\t\t\t<div class=\"elementor-widget-container\">\n\t\t\t<h2 class=\"elementor-heading-title elementor-size-default\">Le spectacteur<\/h2>\t\t<\/div>\n\t\t\t\t<\/div>\n\t\t\t\t<div class=\"elementor-element elementor-element-28768a2 elementor-vertical-align-middle elementor-widget elementor-widget-image-box\" data-id=\"28768a2\" data-element_type=\"widget\" data-widget_type=\"image-box.default\">\n\t\t\t\t<div class=\"elementor-widget-container\">\n\t\t\t<div class=\"elementor-image-box-wrapper\"><div class=\"elementor-image-box-content\"><p class=\"elementor-image-box-description\">Au bord de la piste, au plus pr\u00e8s du cheval, le spectateur per\u00e7oit la force musculaire, il entend sa respiration et la frappe rythmique de ses pas.\n\nAssis sur l\u2019herbe, en \u00e9coutant la musique, il d\u00e9couvre ce cheval, il est libre de se l\u2019approprier pour un moment, il se sent proche de la nature.\n<\/p><\/div><\/div>\t\t<\/div>\n\t\t\t\t<\/div>\n\t\t\t\t<\/div>\n\t\t\t\t\t<\/div>\n\t\t\t\t<\/div>\n\t\t<div class=\"elementor-element elementor-element-3642637 e-flex e-con-boxed e-con e-parent\" data-id=\"3642637\" data-element_type=\"container\" data-settings=\"{&quot;background_background&quot;:&quot;classic&quot;,&quot;content_width&quot;:&quot;boxed&quot;}\" data-core-v316-plus=\"true\">\n\t\t\t\t\t<div class=\"e-con-inner\">\n\t\t\t\t<div class=\"elementor-element elementor-element-b173447 elementor-widget elementor-widget-heading\" data-id=\"b173447\" data-element_type=\"widget\" data-widget_type=\"heading.default\">\n\t\t\t\t<div class=\"elementor-widget-container\">\n\t\t\t<h2 class=\"elementor-heading-title elementor-size-default\">Un Air de Galop<\/h2>\t\t<\/div>\n\t\t\t\t<\/div>\n\t\t\t\t<div class=\"elementor-element elementor-element-4283b46 elementor-widget-divider--separator-type-pattern elementor-widget-divider--no-spacing elementor-widget-divider--view-line elementor-widget elementor-widget-divider\" data-id=\"4283b46\" data-element_type=\"widget\" data-widget_type=\"divider.default\">\n\t\t\t\t<div class=\"elementor-widget-container\">\n\t\t\t<style>\/*! elementor - v3.16.0 - 17-10-2023 *\/\n.elementor-widget-divider{--divider-border-style:none;--divider-border-width:1px;--divider-color:#0c0d0e;--divider-icon-size:20px;--divider-element-spacing:10px;--divider-pattern-height:24px;--divider-pattern-size:20px;--divider-pattern-url:none;--divider-pattern-repeat:repeat-x}.elementor-widget-divider .elementor-divider{display:flex}.elementor-widget-divider .elementor-divider__text{font-size:15px;line-height:1;max-width:95%}.elementor-widget-divider .elementor-divider__element{margin:0 var(--divider-element-spacing);flex-shrink:0}.elementor-widget-divider .elementor-icon{font-size:var(--divider-icon-size)}.elementor-widget-divider .elementor-divider-separator{display:flex;margin:0;direction:ltr}.elementor-widget-divider--view-line_icon .elementor-divider-separator,.elementor-widget-divider--view-line_text .elementor-divider-separator{align-items:center}.elementor-widget-divider--view-line_icon .elementor-divider-separator:after,.elementor-widget-divider--view-line_icon .elementor-divider-separator:before,.elementor-widget-divider--view-line_text .elementor-divider-separator:after,.elementor-widget-divider--view-line_text .elementor-divider-separator:before{display:block;content:\"\";border-bottom:0;flex-grow:1;border-top:var(--divider-border-width) var(--divider-border-style) var(--divider-color)}.elementor-widget-divider--element-align-left .elementor-divider .elementor-divider-separator>.elementor-divider__svg:first-of-type{flex-grow:0;flex-shrink:100}.elementor-widget-divider--element-align-left .elementor-divider-separator:before{content:none}.elementor-widget-divider--element-align-left .elementor-divider__element{margin-left:0}.elementor-widget-divider--element-align-right .elementor-divider .elementor-divider-separator>.elementor-divider__svg:last-of-type{flex-grow:0;flex-shrink:100}.elementor-widget-divider--element-align-right .elementor-divider-separator:after{content:none}.elementor-widget-divider--element-align-right .elementor-divider__element{margin-right:0}.elementor-widget-divider:not(.elementor-widget-divider--view-line_text):not(.elementor-widget-divider--view-line_icon) .elementor-divider-separator{border-top:var(--divider-border-width) var(--divider-border-style) var(--divider-color)}.elementor-widget-divider--separator-type-pattern{--divider-border-style:none}.elementor-widget-divider--separator-type-pattern.elementor-widget-divider--view-line .elementor-divider-separator,.elementor-widget-divider--separator-type-pattern:not(.elementor-widget-divider--view-line) .elementor-divider-separator:after,.elementor-widget-divider--separator-type-pattern:not(.elementor-widget-divider--view-line) .elementor-divider-separator:before,.elementor-widget-divider--separator-type-pattern:not([class*=elementor-widget-divider--view]) .elementor-divider-separator{width:100%;min-height:var(--divider-pattern-height);-webkit-mask-size:var(--divider-pattern-size) 100%;mask-size:var(--divider-pattern-size) 100%;-webkit-mask-repeat:var(--divider-pattern-repeat);mask-repeat:var(--divider-pattern-repeat);background-color:var(--divider-color);-webkit-mask-image:var(--divider-pattern-url);mask-image:var(--divider-pattern-url)}.elementor-widget-divider--no-spacing{--divider-pattern-size:auto}.elementor-widget-divider--bg-round{--divider-pattern-repeat:round}.rtl .elementor-widget-divider .elementor-divider__text{direction:rtl}.e-con-inner>.elementor-widget-divider,.e-con>.elementor-widget-divider{width:var(--container-widget-width,100%);--flex-grow:var(--container-widget-flex-grow)}<\/style>\t\t<div class=\"elementor-divider\" style=\"--divider-pattern-url: url(&quot;data:image\/svg+xml,%3Csvg xmlns=&#039;http:\/\/www.w3.org\/2000\/svg&#039; preserveAspectRatio=&#039;xMidYMid meet&#039; overflow=&#039;visible&#039; height=&#039;100%&#039; viewBox=&#039;0 0 126 26&#039; fill=&#039;black&#039; stroke=&#039;none&#039;%3E%3Cpath d=&#039;M3,10.2c2.6,0,2.6,2,2.6,3.2S4.4,16.5,3,16.5s-3-1.4-3-3.2S0.4,10.2,3,10.2z M18.8,10.2c1.7,0,3.2,1.4,3.2,3.2s-1.4,3.2-3.2,3.2c-1.7,0-3.2-1.4-3.2-3.2S17,10.2,18.8,10.2z M34.6,10.2c1.5,0,2.6,1.4,2.6,3.2s-0.5,3.2-1.9,3.2c-1.5,0-3.4-1.4-3.4-3.2S33.1,10.2,34.6,10.2z M50.5,10.2c1.7,0,3.2,1.4,3.2,3.2s-1.4,3.2-3.2,3.2c-1.7,0-3.3-0.9-3.3-2.6S48.7,10.2,50.5,10.2z M66.2,10.2c1.5,0,3.4,1.4,3.4,3.2s-1.9,3.2-3.4,3.2c-1.5,0-2.6-0.4-2.6-2.1S64.8,10.2,66.2,10.2z M82.2,10.2c1.7,0.8,2.6,1.4,2.6,3.2s-0.1,3.2-1.6,3.2c-1.5,0-3.7-1.4-3.7-3.2S80.5,9.4,82.2,10.2zM98.6,10.2c1.5,0,2.6,0.4,2.6,2.1s-1.2,4.2-2.6,4.2c-1.5,0-3.7-0.4-3.7-2.1S97.1,10.2,98.6,10.2z M113.4,10.2c1.2,0,2.2,0.9,2.2,3.2s-0.1,3.2-1.3,3.2s-3.1-1.4-3.1-3.2S112.2,10.2,113.4,10.2z&#039;\/%3E%3C\/svg%3E&quot;);\">\n\t\t\t<span class=\"elementor-divider-separator\">\n\t\t\t\t\t\t<\/span>\n\t\t<\/div>\n\t\t\t\t<\/div>\n\t\t\t\t<\/div>\n\t\t\t\t\t<\/div>\n\t\t\t\t<\/div>\n\t\t<div class=\"elementor-element elementor-element-c8c84d4 e-flex e-con-boxed e-con e-parent\" data-id=\"c8c84d4\" data-element_type=\"container\" data-settings=\"{&quot;background_background&quot;:&quot;classic&quot;,&quot;content_width&quot;:&quot;boxed&quot;}\" data-core-v316-plus=\"true\">\n\t\t\t\t\t<div class=\"e-con-inner\">\n\t\t\t\t<div class=\"elementor-element elementor-element-3637804 elementor-widget elementor-widget-text-editor\" data-id=\"3637804\" data-element_type=\"widget\" data-widget_type=\"text-editor.default\">\n\t\t\t\t<div class=\"elementor-widget-container\">\n\t\t\t\t\t\t\t<p>Ailleurs\u2026\u2026 apr\u00e8s l\u2019orage,<br \/>Dans un cercle de verdure,<\/p><p>Une contrebasse s\u2019empare de la nature.<\/p><p>Culte \u00e9ph\u00e9m\u00e8re,<br \/>Pour une louange \u00e0 la terre.<\/p><p>Une \u00e9cuy\u00e8re,<br \/>Au rythme de ses \u00e9lans,<br \/>Chante la nativit\u00e9,<\/p><p>Elle et son destrier de guerre,<br \/>Irradi\u00e9s par le v\u00e9g\u00e9tal,<br \/>Galopent \u00e0 travers les accords.<\/p><p>Transe cavali\u00e8re.<\/p><p>Les limbes lui font peur,<br \/>Elle croit aux anges<br \/>Qui hantent les bl\u00e9s,<\/p><p>Les rivi\u00e8res lui parlent,<br \/>Elle pointe le ciel<br \/>Garde les arbres,<br \/>Ecoute le vent\u2026<\/p><p>Son cheval est un m\u00e9dium,<br \/>Un attrape-c\u0153ur,<br \/>Un conqu\u00e9rant.<\/p><p>A fouler le sol<br \/>Pour rassembler les secrets,<br \/>A perdre haleine,<br \/>Il danse, la crini\u00e8re en d\u00e9sordre.<\/p><p>Lui, le contrebassiste<br \/>Charmeur des esprits de la terre,<br \/>Au matin, b\u00e9nit le printemps<br \/>Au soir, invoque l\u2019automne.<\/p><p>Une \u00e2me d\u2019enfant<br \/>Gardien de sa propre r\u00e9volte<br \/>Il ne craint pas la foudre.<\/p><p>Aux doigts parfois gel\u00e9s,<br \/>A s\u2019engourdir sur l\u2019\u00e9corce froide,<br \/>A s\u2019\u00e9corcher sur ses cordes d\u2019acier.<\/p><p>Par\u00e9 au combat,<br \/>Il capture les sons,<br \/>Transcende les rythmes,<br \/>Percute le bois,<\/p><p>Suite pour une contrebasse et un cheval,<br \/>Insolite fantaisie.<\/p><p>La musique dans le miroir d\u2019un cheval,<\/p><p>Pour un galop qui d\u00e9livre\u2026<\/p>\t\t\t\t\t\t<\/div>\n\t\t\t\t<\/div>\n\t\t\t\t<div class=\"elementor-element elementor-element-5c2b191 elementor-widget elementor-widget-text-editor\" data-id=\"5c2b191\" data-element_type=\"widget\" data-widget_type=\"text-editor.default\">\n\t\t\t\t<div class=\"elementor-widget-container\">\n\t\t\t\t\t\t\t<p>Sophie de Pas<\/p>\t\t\t\t\t\t<\/div>\n\t\t\t\t<\/div>\n\t\t\t\t\t<\/div>\n\t\t\t\t<\/div>\n\t\t\t\t\t\t\t<\/div>\n\t\t","protected":false},"excerpt":{"rendered":"<p>Le Spectacle Une femme appara\u00eet \u00e0 cheval, elle chante. On entend les sons bruts et frapp\u00e9s des sabots, le souffle r\u00e9gulier de la respiration du cheval. Le musicien lui r\u00e9pond. Il tape des pieds sur une planche en bois. Les rythmes donnent vie au corps muscl\u00e9 de l\u2019animal. La cavali\u00e8re se r\u00e9v\u00e8le doucement sous le [&hellip;]<\/p>\n","protected":false},"author":2,"featured_media":0,"parent":0,"menu_order":0,"comment_status":"closed","ping_status":"closed","template":"elementor_header_footer","meta":{"om_disable_all_campaigns":false,"_monsterinsights_skip_tracking":false,"_monsterinsights_sitenote_active":false,"_monsterinsights_sitenote_note":"","_monsterinsights_sitenote_category":0,"footnotes":""},"class_list":["post-24","page","type-page","status-publish","hentry","entry"],"aioseo_notices":[],"_links":{"self":[{"href":"https:\/\/unairdegalop.com\/index.php?rest_route=\/wp\/v2\/pages\/24"}],"collection":[{"href":"https:\/\/unairdegalop.com\/index.php?rest_route=\/wp\/v2\/pages"}],"about":[{"href":"https:\/\/unairdegalop.com\/index.php?rest_route=\/wp\/v2\/types\/page"}],"author":[{"embeddable":true,"href":"https:\/\/unairdegalop.com\/index.php?rest_route=\/wp\/v2\/users\/2"}],"replies":[{"embeddable":true,"href":"https:\/\/unairdegalop.com\/index.php?rest_route=%2Fwp%2Fv2%2Fcomments&post=24"}],"version-history":[{"count":127,"href":"https:\/\/unairdegalop.com\/index.php?rest_route=\/wp\/v2\/pages\/24\/revisions"}],"predecessor-version":[{"id":784,"href":"https:\/\/unairdegalop.com\/index.php?rest_route=\/wp\/v2\/pages\/24\/revisions\/784"}],"wp:attachment":[{"href":"https:\/\/unairdegalop.com\/index.php?rest_route=%2Fwp%2Fv2%2Fmedia&parent=24"}],"curies":[{"name":"wp","href":"https:\/\/api.w.org\/{rel}","templated":true}]}}